{"id":4397,"date":"2025-04-30T10:49:20","date_gmt":"2025-04-30T08:49:20","guid":{"rendered":"https:\/\/yolosquash.ee\/?post_type=product&#038;p=4397"},"modified":"2025-06-03T16:43:37","modified_gmt":"2025-06-03T14:43:37","slug":"friday-open-matchplay-club-night-06-06","status":"publish","type":"product","link":"https:\/\/yolosquash.ee\/en\/toode\/friday-open-matchplay-club-night-06-06\/","title":{"rendered":"FRIDAY open matchplay- club night 06.06"},"content":{"rendered":"<p><em>EST<\/em><\/p>\n<p><strong>Reede\u00f5htune squashi-klubi\u00f5htu ootab Sind!<\/strong><\/p>\n<p>Viska trenniriided selga, v\u00f5ta s\u00f5brad kaasa ja tule squashi m\u00e4ngima! Pole vahet, kas oled proff v\u00f5i alles avastad m\u00e4ngu \u2013 see on koht, kus k\u00f5ik saavad m\u00f5nusalt trenni teha, uusi nippe \u00f5ppida ja vastaseid v\u00f5ita.<\/p>\n<p>Sind kindlasti ootavad ees l\u00f5busad m\u00e4ngud, head seltskond ja,\u00a0kui isu tekib, saad nautida ka Guinnessi vaid 4 euro eest \u2013 ideaalne viis p\u00e4rast pingelist mat\u0161i l\u00f5\u00f5gastuda!\u00a0<span class=\"html-span xexx8yu x4uap5 x18d9i69 xkhd6sd x1hl2dhg x16tdsg8 x1vvkbs x3nfvp2 x1j61x8r x1fcty0u xdj266r xat24cr xgzva0m xhhsvwb xxymvpz xlup9mm x1kky2od\"><img decoding=\"async\" class=\"xz74otr\" src=\"https:\/\/static.xx.fbcdn.net\/images\/emoji.php\/v9\/t57\/1\/16\/1f609.png\" alt=\"\ud83d\ude09\" width=\"16\" height=\"16\" \/><\/span><\/p>\n<p>Tule m\u00e4ngi ja muuda oma reede\u00f5htu sportlikult meeldej\u00e4\u00e4vaks!<\/p>\n<p>Broneeri koht siin: <a href=\"https:\/\/app.booklux.com\/book\/yolosquash\">Yolo Squash Online broneerimiss\u00fcsteem &#8211; Booklux<\/a><\/p>\n<p>Kohtume v\u00e4ljakul!<\/p>\n<p>&nbsp;<\/p>\n<p>Osalustasu 20 eurot.<strong>\u00a0Juunioridele tasuta.<\/strong><\/p>\n<p><em>&#8212;-<\/em><\/p>\n<p><em>ENG<\/em><\/p>\n<p><strong>Friday Night Squash Club is waiting for you!<\/strong><\/p>\n<p>Grab your raquet, bring your friends, and come play squash! Whether you\u2019re a pro or just getting started, this is the place where everyone can enjoy a good workout, pick up new tricks, and take on different opponents.<\/p>\n<p>You can look forward to fun games, great company, and if you\u2019re in the mood, grab a glass of Guinness for just \u20ac4 \u2013 the perfect way to cool down after an exciting match!\u00a0<span class=\"html-span xexx8yu x4uap5 x18d9i69 xkhd6sd x1hl2dhg x16tdsg8 x1vvkbs x3nfvp2 x1j61x8r x1fcty0u xdj266r xat24cr xgzva0m xhhsvwb xxymvpz xlup9mm x1kky2od\"><img decoding=\"async\" class=\"xz74otr\" src=\"https:\/\/static.xx.fbcdn.net\/images\/emoji.php\/v9\/t57\/1\/16\/1f609.png\" alt=\"\ud83d\ude09\" width=\"16\" height=\"16\" \/><\/span><\/p>\n<p>Come to play and turn your Friday night into something unforgettable!<\/p>\n<p>Reserve your spot here: <a href=\"https:\/\/app.booklux.com\/book\/yolosquash\">Yolo Squash Online broneerimiss\u00fcsteem &#8211; Booklux<\/a><\/p>\n<p>See you on the court!<\/p>\n<p>&nbsp;<\/p>\n<p>Participation fee: \u20ac20. <strong>Free for juniors.<\/strong><\/p>\n<p>&nbsp;<\/p>\n","protected":false},"excerpt":{"rendered":"<p>EST Reede\u00f5htune squashi-klubi\u00f5htu ootab Sind! Viska trenniriided selga, v\u00f5ta s\u00f5brad kaasa ja tule squashi m\u00e4ngima! Pole vahet, kas oled proff v\u00f5i alles avastad m\u00e4ngu \u2013 see on koht, kus k\u00f5ik saavad m\u00f5nusalt trenni teha, uusi nippe \u00f5ppida ja vastaseid v\u00f5ita. Sind kindlasti ootavad ees l\u00f5busad m\u00e4ngud, head seltskond ja,\u00a0kui isu tekib, saad nautida ka Guinnessi [&hellip;]<\/p>\n","protected":false},"featured_media":3377,"comment_status":"closed","ping_status":"closed","template":"","meta":{"_acf_changed":false},"product_brand":[],"product_cat":[48],"product_tag":[],"class_list":{"0":"post-4397","1":"product","2":"type-product","3":"status-publish","4":"has-post-thumbnail","6":"product_cat-adults","8":"first","9":"instock","10":"shipping-taxable","11":"purchasable","12":"product-type-simple"},"acf":[],"yoast_head":"<!-- This site is optimized with the Yoast SEO plugin v27.3 - https:\/\/yoast.com\/product\/yoast-seo-wordpress\/ -->\n<title>FRIDAY open matchplay- club night 06.06 | Yolo Squash - Tule m&auml;ngima<\/title>\n<meta name=\"robots\" content=\"index, follow, max-snippet:-1, max-image-preview:large, max-video-preview:-1\" \/>\n<link rel=\"canonical\" href=\"https:\/\/yolosquash.ee\/en\/toode\/friday-open-matchplay-club-night-06-06\/\" \/>\n<meta property=\"og:locale\" content=\"en_US\" \/>\n<meta property=\"og:type\" content=\"article\" \/>\n<meta property=\"og:title\" content=\"FRIDAY open matchplay- club night 06.06 | Yolo Squash - Tule m&auml;ngima\" \/>\n<meta property=\"og:description\" content=\"EST Reede\u00f5htune squashi-klubi\u00f5htu ootab Sind! Viska trenniriided selga, v\u00f5ta s\u00f5brad kaasa ja tule squashi m\u00e4ngima! Pole vahet, kas oled proff v\u00f5i alles avastad m\u00e4ngu \u2013 see on koht, kus k\u00f5ik saavad m\u00f5nusalt trenni teha, uusi nippe \u00f5ppida ja vastaseid v\u00f5ita. Sind kindlasti ootavad ees l\u00f5busad m\u00e4ngud, head seltskond ja,\u00a0kui isu tekib, saad nautida ka Guinnessi [&hellip;]\" \/>\n<meta property=\"og:url\" content=\"https:\/\/yolosquash.ee\/en\/toode\/friday-open-matchplay-club-night-06-06\/\" \/>\n<meta property=\"og:site_name\" content=\"Yolo Squash - Tule m&auml;ngima\" \/>\n<meta property=\"article:modified_time\" content=\"2025-06-03T14:43:37+00:00\" \/>\n<meta property=\"og:image\" content=\"https:\/\/yolosquash.ee\/wp-content\/uploads\/2024\/09\/IMG_6115-scaled.jpg\" \/>\n\t<meta property=\"og:image:width\" content=\"2560\" \/>\n\t<meta property=\"og:image:height\" content=\"1707\" \/>\n\t<meta property=\"og:image:type\" content=\"image\/jpeg\" \/>\n<meta name=\"twitter:card\" content=\"summary_large_image\" \/>\n<meta name=\"twitter:label1\" content=\"Est. reading time\" \/>\n\t<meta name=\"twitter:data1\" content=\"2 minutes\" \/>\n<script type=\"application\/ld+json\" class=\"yoast-schema-graph\">{\"@context\":\"https:\\\/\\\/schema.org\",\"@graph\":[{\"@type\":\"WebPage\",\"@id\":\"https:\\\/\\\/yolosquash.ee\\\/en\\\/toode\\\/friday-open-matchplay-club-night-06-06\\\/\",\"url\":\"https:\\\/\\\/yolosquash.ee\\\/en\\\/toode\\\/friday-open-matchplay-club-night-06-06\\\/\",\"name\":\"FRIDAY open matchplay- club night 06.06 | Yolo Squash - Tule m&auml;ngima\",\"isPartOf\":{\"@id\":\"https:\\\/\\\/yolosquash.ee\\\/en\\\/#website\"},\"primaryImageOfPage\":{\"@id\":\"https:\\\/\\\/yolosquash.ee\\\/en\\\/toode\\\/friday-open-matchplay-club-night-06-06\\\/#primaryimage\"},\"image\":{\"@id\":\"https:\\\/\\\/yolosquash.ee\\\/en\\\/toode\\\/friday-open-matchplay-club-night-06-06\\\/#primaryimage\"},\"thumbnailUrl\":\"https:\\\/\\\/yolosquash.ee\\\/wp-content\\\/uploads\\\/2024\\\/09\\\/IMG_6115-scaled.jpg\",\"datePublished\":\"2025-04-30T08:49:20+00:00\",\"dateModified\":\"2025-06-03T14:43:37+00:00\",\"breadcrumb\":{\"@id\":\"https:\\\/\\\/yolosquash.ee\\\/en\\\/toode\\\/friday-open-matchplay-club-night-06-06\\\/#breadcrumb\"},\"inLanguage\":\"en-US\",\"potentialAction\":[{\"@type\":\"ReadAction\",\"target\":[\"https:\\\/\\\/yolosquash.ee\\\/en\\\/toode\\\/friday-open-matchplay-club-night-06-06\\\/\"]}]},{\"@type\":\"ImageObject\",\"inLanguage\":\"en-US\",\"@id\":\"https:\\\/\\\/yolosquash.ee\\\/en\\\/toode\\\/friday-open-matchplay-club-night-06-06\\\/#primaryimage\",\"url\":\"https:\\\/\\\/yolosquash.ee\\\/wp-content\\\/uploads\\\/2024\\\/09\\\/IMG_6115-scaled.jpg\",\"contentUrl\":\"https:\\\/\\\/yolosquash.ee\\\/wp-content\\\/uploads\\\/2024\\\/09\\\/IMG_6115-scaled.jpg\",\"width\":2560,\"height\":1707},{\"@type\":\"BreadcrumbList\",\"@id\":\"https:\\\/\\\/yolosquash.ee\\\/en\\\/toode\\\/friday-open-matchplay-club-night-06-06\\\/#breadcrumb\",\"itemListElement\":[{\"@type\":\"ListItem\",\"position\":1,\"name\":\"Home\",\"item\":\"https:\\\/\\\/yolosquash.ee\\\/en\\\/home-page\\\/\"},{\"@type\":\"ListItem\",\"position\":2,\"name\":\"Products\",\"item\":\"https:\\\/\\\/yolosquash.ee\\\/en\\\/shop\\\/\"},{\"@type\":\"ListItem\",\"position\":3,\"name\":\"FRIDAY open matchplay- club night 06.06\"}]},{\"@type\":\"WebSite\",\"@id\":\"https:\\\/\\\/yolosquash.ee\\\/en\\\/#website\",\"url\":\"https:\\\/\\\/yolosquash.ee\\\/en\\\/\",\"name\":\"Yolo Squash - Tule m&auml;ngima\",\"description\":\"\",\"publisher\":{\"@id\":\"https:\\\/\\\/yolosquash.ee\\\/en\\\/#organization\"},\"potentialAction\":[{\"@type\":\"SearchAction\",\"target\":{\"@type\":\"EntryPoint\",\"urlTemplate\":\"https:\\\/\\\/yolosquash.ee\\\/en\\\/?s={search_term_string}\"},\"query-input\":{\"@type\":\"PropertyValueSpecification\",\"valueRequired\":true,\"valueName\":\"search_term_string\"}}],\"inLanguage\":\"en-US\"},{\"@type\":\"Organization\",\"@id\":\"https:\\\/\\\/yolosquash.ee\\\/en\\\/#organization\",\"name\":\"Yolo Squash - Tule m&auml;ngima\",\"url\":\"https:\\\/\\\/yolosquash.ee\\\/en\\\/\",\"logo\":{\"@type\":\"ImageObject\",\"inLanguage\":\"en-US\",\"@id\":\"https:\\\/\\\/yolosquash.ee\\\/en\\\/#\\\/schema\\\/logo\\\/image\\\/\",\"url\":\"https:\\\/\\\/yolosquash.ee\\\/wp-content\\\/uploads\\\/2024\\\/07\\\/Yolo-Squash-Logo-Positive-1.png\",\"contentUrl\":\"https:\\\/\\\/yolosquash.ee\\\/wp-content\\\/uploads\\\/2024\\\/07\\\/Yolo-Squash-Logo-Positive-1.png\",\"width\":1600,\"height\":707,\"caption\":\"Yolo Squash - Tule m&auml;ngima\"},\"image\":{\"@id\":\"https:\\\/\\\/yolosquash.ee\\\/en\\\/#\\\/schema\\\/logo\\\/image\\\/\"}}]}<\/script>\n<!-- \/ Yoast SEO plugin. -->","yoast_head_json":{"title":"FRIDAY open matchplay- club night 06.06 | Yolo Squash - Tule m&auml;ngima","robots":{"index":"index","follow":"follow","max-snippet":"max-snippet:-1","max-image-preview":"max-image-preview:large","max-video-preview":"max-video-preview:-1"},"canonical":"https:\/\/yolosquash.ee\/en\/toode\/friday-open-matchplay-club-night-06-06\/","og_locale":"en_US","og_type":"article","og_title":"FRIDAY open matchplay- club night 06.06 | Yolo Squash - Tule m&auml;ngima","og_description":"EST Reede\u00f5htune squashi-klubi\u00f5htu ootab Sind! Viska trenniriided selga, v\u00f5ta s\u00f5brad kaasa ja tule squashi m\u00e4ngima! Pole vahet, kas oled proff v\u00f5i alles avastad m\u00e4ngu \u2013 see on koht, kus k\u00f5ik saavad m\u00f5nusalt trenni teha, uusi nippe \u00f5ppida ja vastaseid v\u00f5ita. Sind kindlasti ootavad ees l\u00f5busad m\u00e4ngud, head seltskond ja,\u00a0kui isu tekib, saad nautida ka Guinnessi [&hellip;]","og_url":"https:\/\/yolosquash.ee\/en\/toode\/friday-open-matchplay-club-night-06-06\/","og_site_name":"Yolo Squash - Tule m&auml;ngima","article_modified_time":"2025-06-03T14:43:37+00:00","og_image":[{"width":2560,"height":1707,"url":"https:\/\/yolosquash.ee\/wp-content\/uploads\/2024\/09\/IMG_6115-scaled.jpg","type":"image\/jpeg"}],"twitter_card":"summary_large_image","twitter_misc":{"Est. reading time":"2 minutes"},"schema":{"@context":"https:\/\/schema.org","@graph":[{"@type":"WebPage","@id":"https:\/\/yolosquash.ee\/en\/toode\/friday-open-matchplay-club-night-06-06\/","url":"https:\/\/yolosquash.ee\/en\/toode\/friday-open-matchplay-club-night-06-06\/","name":"FRIDAY open matchplay- club night 06.06 | Yolo Squash - Tule m&auml;ngima","isPartOf":{"@id":"https:\/\/yolosquash.ee\/en\/#website"},"primaryImageOfPage":{"@id":"https:\/\/yolosquash.ee\/en\/toode\/friday-open-matchplay-club-night-06-06\/#primaryimage"},"image":{"@id":"https:\/\/yolosquash.ee\/en\/toode\/friday-open-matchplay-club-night-06-06\/#primaryimage"},"thumbnailUrl":"https:\/\/yolosquash.ee\/wp-content\/uploads\/2024\/09\/IMG_6115-scaled.jpg","datePublished":"2025-04-30T08:49:20+00:00","dateModified":"2025-06-03T14:43:37+00:00","breadcrumb":{"@id":"https:\/\/yolosquash.ee\/en\/toode\/friday-open-matchplay-club-night-06-06\/#breadcrumb"},"inLanguage":"en-US","potentialAction":[{"@type":"ReadAction","target":["https:\/\/yolosquash.ee\/en\/toode\/friday-open-matchplay-club-night-06-06\/"]}]},{"@type":"ImageObject","inLanguage":"en-US","@id":"https:\/\/yolosquash.ee\/en\/toode\/friday-open-matchplay-club-night-06-06\/#primaryimage","url":"https:\/\/yolosquash.ee\/wp-content\/uploads\/2024\/09\/IMG_6115-scaled.jpg","contentUrl":"https:\/\/yolosquash.ee\/wp-content\/uploads\/2024\/09\/IMG_6115-scaled.jpg","width":2560,"height":1707},{"@type":"BreadcrumbList","@id":"https:\/\/yolosquash.ee\/en\/toode\/friday-open-matchplay-club-night-06-06\/#breadcrumb","itemListElement":[{"@type":"ListItem","position":1,"name":"Home","item":"https:\/\/yolosquash.ee\/en\/home-page\/"},{"@type":"ListItem","position":2,"name":"Products","item":"https:\/\/yolosquash.ee\/en\/shop\/"},{"@type":"ListItem","position":3,"name":"FRIDAY open matchplay- club night 06.06"}]},{"@type":"WebSite","@id":"https:\/\/yolosquash.ee\/en\/#website","url":"https:\/\/yolosquash.ee\/en\/","name":"Yolo Squash - Tule m&auml;ngima","description":"","publisher":{"@id":"https:\/\/yolosquash.ee\/en\/#organization"},"potentialAction":[{"@type":"SearchAction","target":{"@type":"EntryPoint","urlTemplate":"https:\/\/yolosquash.ee\/en\/?s={search_term_string}"},"query-input":{"@type":"PropertyValueSpecification","valueRequired":true,"valueName":"search_term_string"}}],"inLanguage":"en-US"},{"@type":"Organization","@id":"https:\/\/yolosquash.ee\/en\/#organization","name":"Yolo Squash - Tule m&auml;ngima","url":"https:\/\/yolosquash.ee\/en\/","logo":{"@type":"ImageObject","inLanguage":"en-US","@id":"https:\/\/yolosquash.ee\/en\/#\/schema\/logo\/image\/","url":"https:\/\/yolosquash.ee\/wp-content\/uploads\/2024\/07\/Yolo-Squash-Logo-Positive-1.png","contentUrl":"https:\/\/yolosquash.ee\/wp-content\/uploads\/2024\/07\/Yolo-Squash-Logo-Positive-1.png","width":1600,"height":707,"caption":"Yolo Squash - Tule m&auml;ngima"},"image":{"@id":"https:\/\/yolosquash.ee\/en\/#\/schema\/logo\/image\/"}}]}},"_links":{"self":[{"href":"https:\/\/yolosquash.ee\/en\/wp-json\/wp\/v2\/product\/4397","targetHints":{"allow":["GET"]}}],"collection":[{"href":"https:\/\/yolosquash.ee\/en\/wp-json\/wp\/v2\/product"}],"about":[{"href":"https:\/\/yolosquash.ee\/en\/wp-json\/wp\/v2\/types\/product"}],"replies":[{"embeddable":true,"href":"https:\/\/yolosquash.ee\/en\/wp-json\/wp\/v2\/comments?post=4397"}],"wp:featuredmedia":[{"embeddable":true,"href":"https:\/\/yolosquash.ee\/en\/wp-json\/wp\/v2\/media\/3377"}],"wp:attachment":[{"href":"https:\/\/yolosquash.ee\/en\/wp-json\/wp\/v2\/media?parent=4397"}],"wp:term":[{"taxonomy":"product_brand","embeddable":true,"href":"https:\/\/yolosquash.ee\/en\/wp-json\/wp\/v2\/product_brand?post=4397"},{"taxonomy":"product_cat","embeddable":true,"href":"https:\/\/yolosquash.ee\/en\/wp-json\/wp\/v2\/product_cat?post=4397"},{"taxonomy":"product_tag","embeddable":true,"href":"https:\/\/yolosquash.ee\/en\/wp-json\/wp\/v2\/product_tag?post=4397"}],"curies":[{"name":"wp","href":"https:\/\/api.w.org\/{rel}","templated":true}]}}